{"id":18,"date":"2019-11-18T12:35:45","date_gmt":"2019-11-18T11:35:45","guid":{"rendered":"https:\/\/themes.muffingroup.com\/be\/kindergarten3\/?page_id=18"},"modified":"2022-09-01T17:51:29","modified_gmt":"2022-09-01T15:51:29","slug":"contact","status":"publish","type":"page","link":"https:\/\/www.english-play-group.com\/en\/contact\/","title":{"rendered":"Contact us"},"content":{"rendered":"","protected":false},"excerpt":{"rendered":"","protected":false},"author":1,"featured_media":0,"parent":0,"menu_order":0,"comment_status":"closed","ping_status":"closed","template":"","meta":{"footnotes":""},"class_list":["post-18","page","type-page","status-publish","hentry"],"yoast_head":"<!-- This site is optimized with the Yoast SEO plugin v27.4 - https:\/\/yoast.com\/product\/yoast-seo-wordpress\/ -->\n<title>Kontakt | English Play Group Salzburg<\/title>\n<meta name=\"description\" content=\"Sie m\u00f6chten Ihr Kind in der English Play Group anmelden? Bei uns sind alle Kinder willkommen. Wir unterst\u00fctzen gerne Familien aus anderen L\u00e4ndern, die in Salzburg Fu\u00df fassen m\u00f6chten.Wir freuen uns auf Ihre Familie.\" \/>\n<meta name=\"robots\" content=\"index, follow, max-snippet:-1, max-image-preview:large, max-video-preview:-1\" \/>\n<link rel=\"canonical\" href=\"https:\/\/www.english-play-group.com\/en\/contact\/\" \/>\n<meta property=\"og:locale\" content=\"en_GB\" \/>\n<meta property=\"og:type\" content=\"article\" \/>\n<meta property=\"og:title\" content=\"Kontakt | English Play Group Salzburg\" \/>\n<meta property=\"og:description\" content=\"Sie m\u00f6chten Ihr Kind in der English Play Group anmelden? Bei uns sind alle Kinder willkommen. Wir unterst\u00fctzen gerne Familien aus anderen L\u00e4ndern, die in Salzburg Fu\u00df fassen m\u00f6chten.Wir freuen uns auf Ihre Familie.\" \/>\n<meta property=\"og:url\" content=\"https:\/\/www.english-play-group.com\/en\/contact\/\" \/>\n<meta property=\"og:site_name\" content=\"English Play Group Salzburg\" \/>\n<meta property=\"article:publisher\" content=\"https:\/\/www.english-play-group.com\" \/>\n<meta property=\"article:modified_time\" content=\"2022-09-01T15:51:29+00:00\" \/>\n<meta name=\"twitter:card\" content=\"summary_large_image\" \/>\n<script type=\"application\/ld+json\" class=\"yoast-schema-graph\">{\"@context\":\"https:\\\/\\\/schema.org\",\"@graph\":[{\"@type\":\"WebPage\",\"@id\":\"https:\\\/\\\/www.english-play-group.com\\\/contact\\\/\",\"url\":\"https:\\\/\\\/www.english-play-group.com\\\/contact\\\/\",\"name\":\"Kontakt | English Play Group Salzburg\",\"isPartOf\":{\"@id\":\"https:\\\/\\\/www.english-play-group.com\\\/#website\"},\"datePublished\":\"2019-11-18T11:35:45+00:00\",\"dateModified\":\"2022-09-01T15:51:29+00:00\",\"description\":\"Sie m\u00f6chten Ihr Kind in der English Play Group anmelden? Bei uns sind alle Kinder willkommen. Wir unterst\u00fctzen gerne Familien aus anderen L\u00e4ndern, die in Salzburg Fu\u00df fassen m\u00f6chten.Wir freuen uns auf Ihre Familie.\",\"breadcrumb\":{\"@id\":\"https:\\\/\\\/www.english-play-group.com\\\/contact\\\/#breadcrumb\"},\"inLanguage\":\"en-GB\",\"potentialAction\":[{\"@type\":\"ReadAction\",\"target\":[\"https:\\\/\\\/www.english-play-group.com\\\/contact\\\/\"]}]},{\"@type\":\"BreadcrumbList\",\"@id\":\"https:\\\/\\\/www.english-play-group.com\\\/contact\\\/#breadcrumb\",\"itemListElement\":[{\"@type\":\"ListItem\",\"position\":1,\"name\":\"Home\",\"item\":\"https:\\\/\\\/www.english-play-group.com\\\/\"},{\"@type\":\"ListItem\",\"position\":2,\"name\":\"Kontakt\"}]},{\"@type\":\"WebSite\",\"@id\":\"https:\\\/\\\/www.english-play-group.com\\\/#website\",\"url\":\"https:\\\/\\\/www.english-play-group.com\\\/\",\"name\":\"English Play Group Salzburg\",\"description\":\"Internationaler Privatkindergarten Salzburg Stadt\",\"publisher\":{\"@id\":\"https:\\\/\\\/www.english-play-group.com\\\/#organization\"},\"potentialAction\":[{\"@type\":\"SearchAction\",\"target\":{\"@type\":\"EntryPoint\",\"urlTemplate\":\"https:\\\/\\\/www.english-play-group.com\\\/?s={search_term_string}\"},\"query-input\":{\"@type\":\"PropertyValueSpecification\",\"valueRequired\":true,\"valueName\":\"search_term_string\"}}],\"inLanguage\":\"en-GB\"},{\"@type\":\"Organization\",\"@id\":\"https:\\\/\\\/www.english-play-group.com\\\/#organization\",\"name\":\"English Play Group\",\"url\":\"https:\\\/\\\/www.english-play-group.com\\\/\",\"logo\":{\"@type\":\"ImageObject\",\"inLanguage\":\"en-GB\",\"@id\":\"https:\\\/\\\/www.english-play-group.com\\\/#\\\/schema\\\/logo\\\/image\\\/\",\"url\":\"https:\\\/\\\/www.english-play-group.com\\\/wp-content\\\/uploads\\\/2020\\\/05\\\/Logo_website_epg_gelb_klein.png\",\"contentUrl\":\"https:\\\/\\\/www.english-play-group.com\\\/wp-content\\\/uploads\\\/2020\\\/05\\\/Logo_website_epg_gelb_klein.png\",\"width\":400,\"height\":177,\"caption\":\"English Play Group\"},\"image\":{\"@id\":\"https:\\\/\\\/www.english-play-group.com\\\/#\\\/schema\\\/logo\\\/image\\\/\"},\"sameAs\":[\"https:\\\/\\\/www.english-play-group.com\"]}]}<\/script>\n<!-- \/ Yoast SEO plugin. -->","yoast_head_json":{"title":"Kontakt | English Play Group Salzburg","description":"Sie m\u00f6chten Ihr Kind in der English Play Group anmelden? Bei uns sind alle Kinder willkommen. Wir unterst\u00fctzen gerne Familien aus anderen L\u00e4ndern, die in Salzburg Fu\u00df fassen m\u00f6chten.Wir freuen uns auf Ihre Familie.","robots":{"index":"index","follow":"follow","max-snippet":"max-snippet:-1","max-image-preview":"max-image-preview:large","max-video-preview":"max-video-preview:-1"},"canonical":"https:\/\/www.english-play-group.com\/en\/contact\/","og_locale":"en_GB","og_type":"article","og_title":"Kontakt | English Play Group Salzburg","og_description":"Sie m\u00f6chten Ihr Kind in der English Play Group anmelden? Bei uns sind alle Kinder willkommen. Wir unterst\u00fctzen gerne Familien aus anderen L\u00e4ndern, die in Salzburg Fu\u00df fassen m\u00f6chten.Wir freuen uns auf Ihre Familie.","og_url":"https:\/\/www.english-play-group.com\/en\/contact\/","og_site_name":"English Play Group Salzburg","article_publisher":"https:\/\/www.english-play-group.com","article_modified_time":"2022-09-01T15:51:29+00:00","twitter_card":"summary_large_image","schema":{"@context":"https:\/\/schema.org","@graph":[{"@type":"WebPage","@id":"https:\/\/www.english-play-group.com\/contact\/","url":"https:\/\/www.english-play-group.com\/contact\/","name":"Kontakt | English Play Group Salzburg","isPartOf":{"@id":"https:\/\/www.english-play-group.com\/#website"},"datePublished":"2019-11-18T11:35:45+00:00","dateModified":"2022-09-01T15:51:29+00:00","description":"Sie m\u00f6chten Ihr Kind in der English Play Group anmelden? Bei uns sind alle Kinder willkommen. Wir unterst\u00fctzen gerne Familien aus anderen L\u00e4ndern, die in Salzburg Fu\u00df fassen m\u00f6chten.Wir freuen uns auf Ihre Familie.","breadcrumb":{"@id":"https:\/\/www.english-play-group.com\/contact\/#breadcrumb"},"inLanguage":"en-GB","potentialAction":[{"@type":"ReadAction","target":["https:\/\/www.english-play-group.com\/contact\/"]}]},{"@type":"BreadcrumbList","@id":"https:\/\/www.english-play-group.com\/contact\/#breadcrumb","itemListElement":[{"@type":"ListItem","position":1,"name":"Home","item":"https:\/\/www.english-play-group.com\/"},{"@type":"ListItem","position":2,"name":"Kontakt"}]},{"@type":"WebSite","@id":"https:\/\/www.english-play-group.com\/#website","url":"https:\/\/www.english-play-group.com\/","name":"English Play Group Salzburg","description":"International private kindergarten in Salzburg City","publisher":{"@id":"https:\/\/www.english-play-group.com\/#organization"},"potentialAction":[{"@type":"SearchAction","target":{"@type":"EntryPoint","urlTemplate":"https:\/\/www.english-play-group.com\/?s={search_term_string}"},"query-input":{"@type":"PropertyValueSpecification","valueRequired":true,"valueName":"search_term_string"}}],"inLanguage":"en-GB"},{"@type":"Organization","@id":"https:\/\/www.english-play-group.com\/#organization","name":"English Play Group","url":"https:\/\/www.english-play-group.com\/","logo":{"@type":"ImageObject","inLanguage":"en-GB","@id":"https:\/\/www.english-play-group.com\/#\/schema\/logo\/image\/","url":"https:\/\/www.english-play-group.com\/wp-content\/uploads\/2020\/05\/Logo_website_epg_gelb_klein.png","contentUrl":"https:\/\/www.english-play-group.com\/wp-content\/uploads\/2020\/05\/Logo_website_epg_gelb_klein.png","width":400,"height":177,"caption":"English Play Group"},"image":{"@id":"https:\/\/www.english-play-group.com\/#\/schema\/logo\/image\/"},"sameAs":["https:\/\/www.english-play-group.com"]}]}},"_links":{"self":[{"href":"https:\/\/www.english-play-group.com\/en\/wp-json\/wp\/v2\/pages\/18","targetHints":{"allow":["GET"]}}],"collection":[{"href":"https:\/\/www.english-play-group.com\/en\/wp-json\/wp\/v2\/pages"}],"about":[{"href":"https:\/\/www.english-play-group.com\/en\/wp-json\/wp\/v2\/types\/page"}],"author":[{"embeddable":true,"href":"https:\/\/www.english-play-group.com\/en\/wp-json\/wp\/v2\/users\/1"}],"replies":[{"embeddable":true,"href":"https:\/\/www.english-play-group.com\/en\/wp-json\/wp\/v2\/comments?post=18"}],"version-history":[{"count":0,"href":"https:\/\/www.english-play-group.com\/en\/wp-json\/wp\/v2\/pages\/18\/revisions"}],"wp:attachment":[{"href":"https:\/\/www.english-play-group.com\/en\/wp-json\/wp\/v2\/media?parent=18"}],"curies":[{"name":"wp","href":"https:\/\/api.w.org\/{rel}","templated":true}]}}