{"id":312,"date":"2020-08-18T17:50:17","date_gmt":"2020-08-18T15:50:17","guid":{"rendered":"https:\/\/www.english-play-group.com\/?page_id=312"},"modified":"2025-07-22T11:44:13","modified_gmt":"2025-07-22T11:44:13","slug":"kontakt","status":"publish","type":"page","link":"https:\/\/www.english-play-group.com\/en\/kontakt\/","title":{"rendered":"Imprint"},"content":{"rendered":"","protected":false},"excerpt":{"rendered":"","protected":false},"author":1,"featured_media":0,"parent":0,"menu_order":0,"comment_status":"closed","ping_status":"closed","template":"","meta":{"footnotes":""},"class_list":["post-312","page","type-page","status-publish","hentry"],"yoast_head":"<!-- This site is optimized with the Yoast SEO plugin v27.3 - https:\/\/yoast.com\/product\/yoast-seo-wordpress\/ -->\n<title>Impressum | English Play Group Salzburg<\/title>\n<meta name=\"description\" content=\"Wir leben Internationalit\u00e4t SEIT 1980. Die English Play Group wurde 1980 von zwei englischen M\u00fcttern und P\u00e4dagoginnen f\u00fcr ihre eigenen Kinder gegr\u00fcndet.\" \/>\n<meta name=\"robots\" content=\"index, follow, max-snippet:-1, max-image-preview:large, max-video-preview:-1\" \/>\n<link rel=\"canonical\" href=\"https:\/\/www.english-play-group.com\/en\/kontakt\/\" \/>\n<meta property=\"og:locale\" content=\"en_GB\" \/>\n<meta property=\"og:type\" content=\"article\" \/>\n<meta property=\"og:title\" content=\"Impressum | English Play Group Salzburg\" \/>\n<meta property=\"og:description\" content=\"Wir leben Internationalit\u00e4t SEIT 1980. Die English Play Group wurde 1980 von zwei englischen M\u00fcttern und P\u00e4dagoginnen f\u00fcr ihre eigenen Kinder gegr\u00fcndet.\" \/>\n<meta property=\"og:url\" content=\"https:\/\/www.english-play-group.com\/en\/kontakt\/\" \/>\n<meta property=\"og:site_name\" content=\"English Play Group Salzburg\" \/>\n<meta property=\"article:publisher\" content=\"https:\/\/www.english-play-group.com\" \/>\n<meta property=\"article:modified_time\" content=\"2025-07-22T11:44:13+00:00\" \/>\n<meta name=\"twitter:card\" content=\"summary_large_image\" \/>\n<script type=\"application\/ld+json\" class=\"yoast-schema-graph\">{\"@context\":\"https:\\\/\\\/schema.org\",\"@graph\":[{\"@type\":\"WebPage\",\"@id\":\"https:\\\/\\\/www.english-play-group.com\\\/kontakt\\\/\",\"url\":\"https:\\\/\\\/www.english-play-group.com\\\/kontakt\\\/\",\"name\":\"Impressum | English Play Group Salzburg\",\"isPartOf\":{\"@id\":\"https:\\\/\\\/www.english-play-group.com\\\/#website\"},\"datePublished\":\"2020-08-18T15:50:17+00:00\",\"dateModified\":\"2025-07-22T11:44:13+00:00\",\"description\":\"Wir leben Internationalit\u00e4t SEIT 1980. Die English Play Group wurde 1980 von zwei englischen M\u00fcttern und P\u00e4dagoginnen f\u00fcr ihre eigenen Kinder gegr\u00fcndet.\",\"breadcrumb\":{\"@id\":\"https:\\\/\\\/www.english-play-group.com\\\/kontakt\\\/#breadcrumb\"},\"inLanguage\":\"en-GB\",\"potentialAction\":[{\"@type\":\"ReadAction\",\"target\":[\"https:\\\/\\\/www.english-play-group.com\\\/kontakt\\\/\"]}]},{\"@type\":\"BreadcrumbList\",\"@id\":\"https:\\\/\\\/www.english-play-group.com\\\/kontakt\\\/#breadcrumb\",\"itemListElement\":[{\"@type\":\"ListItem\",\"position\":1,\"name\":\"Home\",\"item\":\"https:\\\/\\\/www.english-play-group.com\\\/\"},{\"@type\":\"ListItem\",\"position\":2,\"name\":\"Impressum\"}]},{\"@type\":\"WebSite\",\"@id\":\"https:\\\/\\\/www.english-play-group.com\\\/#website\",\"url\":\"https:\\\/\\\/www.english-play-group.com\\\/\",\"name\":\"English Play Group Salzburg\",\"description\":\"Internationaler Privatkindergarten Salzburg Stadt\",\"publisher\":{\"@id\":\"https:\\\/\\\/www.english-play-group.com\\\/#organization\"},\"potentialAction\":[{\"@type\":\"SearchAction\",\"target\":{\"@type\":\"EntryPoint\",\"urlTemplate\":\"https:\\\/\\\/www.english-play-group.com\\\/?s={search_term_string}\"},\"query-input\":{\"@type\":\"PropertyValueSpecification\",\"valueRequired\":true,\"valueName\":\"search_term_string\"}}],\"inLanguage\":\"en-GB\"},{\"@type\":\"Organization\",\"@id\":\"https:\\\/\\\/www.english-play-group.com\\\/#organization\",\"name\":\"English Play Group\",\"url\":\"https:\\\/\\\/www.english-play-group.com\\\/\",\"logo\":{\"@type\":\"ImageObject\",\"inLanguage\":\"en-GB\",\"@id\":\"https:\\\/\\\/www.english-play-group.com\\\/#\\\/schema\\\/logo\\\/image\\\/\",\"url\":\"https:\\\/\\\/www.english-play-group.com\\\/wp-content\\\/uploads\\\/2020\\\/05\\\/Logo_website_epg_gelb_klein.png\",\"contentUrl\":\"https:\\\/\\\/www.english-play-group.com\\\/wp-content\\\/uploads\\\/2020\\\/05\\\/Logo_website_epg_gelb_klein.png\",\"width\":400,\"height\":177,\"caption\":\"English Play Group\"},\"image\":{\"@id\":\"https:\\\/\\\/www.english-play-group.com\\\/#\\\/schema\\\/logo\\\/image\\\/\"},\"sameAs\":[\"https:\\\/\\\/www.english-play-group.com\"]}]}<\/script>\n<!-- \/ Yoast SEO plugin. -->","yoast_head_json":{"title":"Impressum | English Play Group Salzburg","description":"Wir leben Internationalit\u00e4t SEIT 1980. Die English Play Group wurde 1980 von zwei englischen M\u00fcttern und P\u00e4dagoginnen f\u00fcr ihre eigenen Kinder gegr\u00fcndet.","robots":{"index":"index","follow":"follow","max-snippet":"max-snippet:-1","max-image-preview":"max-image-preview:large","max-video-preview":"max-video-preview:-1"},"canonical":"https:\/\/www.english-play-group.com\/en\/kontakt\/","og_locale":"en_GB","og_type":"article","og_title":"Impressum | English Play Group Salzburg","og_description":"Wir leben Internationalit\u00e4t SEIT 1980. Die English Play Group wurde 1980 von zwei englischen M\u00fcttern und P\u00e4dagoginnen f\u00fcr ihre eigenen Kinder gegr\u00fcndet.","og_url":"https:\/\/www.english-play-group.com\/en\/kontakt\/","og_site_name":"English Play Group Salzburg","article_publisher":"https:\/\/www.english-play-group.com","article_modified_time":"2025-07-22T11:44:13+00:00","twitter_card":"summary_large_image","schema":{"@context":"https:\/\/schema.org","@graph":[{"@type":"WebPage","@id":"https:\/\/www.english-play-group.com\/kontakt\/","url":"https:\/\/www.english-play-group.com\/kontakt\/","name":"Impressum | English Play Group Salzburg","isPartOf":{"@id":"https:\/\/www.english-play-group.com\/#website"},"datePublished":"2020-08-18T15:50:17+00:00","dateModified":"2025-07-22T11:44:13+00:00","description":"Wir leben Internationalit\u00e4t SEIT 1980. Die English Play Group wurde 1980 von zwei englischen M\u00fcttern und P\u00e4dagoginnen f\u00fcr ihre eigenen Kinder gegr\u00fcndet.","breadcrumb":{"@id":"https:\/\/www.english-play-group.com\/kontakt\/#breadcrumb"},"inLanguage":"en-GB","potentialAction":[{"@type":"ReadAction","target":["https:\/\/www.english-play-group.com\/kontakt\/"]}]},{"@type":"BreadcrumbList","@id":"https:\/\/www.english-play-group.com\/kontakt\/#breadcrumb","itemListElement":[{"@type":"ListItem","position":1,"name":"Home","item":"https:\/\/www.english-play-group.com\/"},{"@type":"ListItem","position":2,"name":"Impressum"}]},{"@type":"WebSite","@id":"https:\/\/www.english-play-group.com\/#website","url":"https:\/\/www.english-play-group.com\/","name":"English Play Group Salzburg","description":"International private kindergarten in Salzburg City","publisher":{"@id":"https:\/\/www.english-play-group.com\/#organization"},"potentialAction":[{"@type":"SearchAction","target":{"@type":"EntryPoint","urlTemplate":"https:\/\/www.english-play-group.com\/?s={search_term_string}"},"query-input":{"@type":"PropertyValueSpecification","valueRequired":true,"valueName":"search_term_string"}}],"inLanguage":"en-GB"},{"@type":"Organization","@id":"https:\/\/www.english-play-group.com\/#organization","name":"English Play Group","url":"https:\/\/www.english-play-group.com\/","logo":{"@type":"ImageObject","inLanguage":"en-GB","@id":"https:\/\/www.english-play-group.com\/#\/schema\/logo\/image\/","url":"https:\/\/www.english-play-group.com\/wp-content\/uploads\/2020\/05\/Logo_website_epg_gelb_klein.png","contentUrl":"https:\/\/www.english-play-group.com\/wp-content\/uploads\/2020\/05\/Logo_website_epg_gelb_klein.png","width":400,"height":177,"caption":"English Play Group"},"image":{"@id":"https:\/\/www.english-play-group.com\/#\/schema\/logo\/image\/"},"sameAs":["https:\/\/www.english-play-group.com"]}]}},"_links":{"self":[{"href":"https:\/\/www.english-play-group.com\/en\/wp-json\/wp\/v2\/pages\/312","targetHints":{"allow":["GET"]}}],"collection":[{"href":"https:\/\/www.english-play-group.com\/en\/wp-json\/wp\/v2\/pages"}],"about":[{"href":"https:\/\/www.english-play-group.com\/en\/wp-json\/wp\/v2\/types\/page"}],"author":[{"embeddable":true,"href":"https:\/\/www.english-play-group.com\/en\/wp-json\/wp\/v2\/users\/1"}],"replies":[{"embeddable":true,"href":"https:\/\/www.english-play-group.com\/en\/wp-json\/wp\/v2\/comments?post=312"}],"version-history":[{"count":0,"href":"https:\/\/www.english-play-group.com\/en\/wp-json\/wp\/v2\/pages\/312\/revisions"}],"wp:attachment":[{"href":"https:\/\/www.english-play-group.com\/en\/wp-json\/wp\/v2\/media?parent=312"}],"curies":[{"name":"wp","href":"https:\/\/api.w.org\/{rel}","templated":true}]}}